{"id":167,"date":"2023-05-23T08:04:17","date_gmt":"2023-05-23T08:04:17","guid":{"rendered":"https:\/\/humboldt-grundschule-erfurt.de\/?page_id=167"},"modified":"2023-08-25T14:05:12","modified_gmt":"2023-08-25T14:05:12","slug":"schulsozialarbeit","status":"publish","type":"page","link":"https:\/\/humboldt-grundschule-erfurt.de\/index.php\/schulsozialarbeit\/","title":{"rendered":"Schulsozialarbeit"},"content":{"rendered":"\n<p>Liebe Eltern und liebe Kinder,<\/p>\n\n\n\n<p>mein Name ist Alexander Frenzel und ich bin Schulsozialarbeiter an der Humboldt-Grundschule Erfurt und hier t\u00e4glich anzutreffen. Meine Aufgabe ist es, Kinder in ihrer individuellen und sozialen Entwicklung zu f\u00f6rdern. Gern m\u00f6chte ich als Bindeglied zwischen Schule und Eltern f\u00fcr Sie da sein und biete Unterst\u00fctzung in folgenden Bereichen an:<\/p>\n\n\n\n<ul class=\"wp-block-list\">\n<li>Beratung von Sch\u00fclerinnen und Sch\u00fclern zu pers\u00f6nlichen und schulischen Themen<\/li>\n\n\n\n<li>Gruppenarbeiten mit Sch\u00fclerinnen und Sch\u00fclern<\/li>\n\n\n\n<li>Elterngespr\u00e4che (Beratung und Unterst\u00fctzung, Teilnahme an Elternabenden etc.)<\/li>\n\n\n\n<li>Hilfestellung im Umgang mit Beh\u00f6rden, sozialen Einrichtungen (z.B. Jugendamt, Vereine)<\/li>\n<\/ul>\n\n\n\n<p>Sie und ihr k\u00f6nnt mich gern pers\u00f6nlich ansprechen, mit mir telefonische Gespr\u00e4chstermine vereinbaren oder eine E-Mail schreiben. Alle Inhalte werden vertraulich behandelt.<\/p>\n\n\n\n<div class=\"wp-block-columns is-layout-flex wp-container-core-columns-is-layout-9d6595d7 wp-block-columns-is-layout-flex\">\n<div class=\"wp-block-column is-layout-flow wp-block-column-is-layout-flow\">\n<p>Telefon: 0157 76297645<\/p>\n<\/div>\n\n\n\n<div class=\"wp-block-column is-layout-flow wp-block-column-is-layout-flow\">\n<p>E-Mail: a.frenzel@thueringen.aidshilfe.de<\/p>\n<\/div>\n<\/div>\n\n\n\n<p>Ich freue mich auf die Zusammenarbeit mit Ihnen und euch!<\/p>\n","protected":false},"excerpt":{"rendered":"<p>Liebe Eltern und liebe Kinder, mein Name ist Alexander Frenzel und ich bin Schulsozialarbeiter an der Humboldt-Grundschule Erfurt und hier &hellip; <\/p>\n","protected":false},"author":1,"featured_media":0,"parent":0,"menu_order":0,"comment_status":"closed","ping_status":"closed","template":"","meta":{"footnotes":""},"class_list":["post-167","page","type-page","status-publish","hentry"],"_links":{"self":[{"href":"https:\/\/humboldt-grundschule-erfurt.de\/index.php\/wp-json\/wp\/v2\/pages\/167","targetHints":{"allow":["GET"]}}],"collection":[{"href":"https:\/\/humboldt-grundschule-erfurt.de\/index.php\/wp-json\/wp\/v2\/pages"}],"about":[{"href":"https:\/\/humboldt-grundschule-erfurt.de\/index.php\/wp-json\/wp\/v2\/types\/page"}],"author":[{"embeddable":true,"href":"https:\/\/humboldt-grundschule-erfurt.de\/index.php\/wp-json\/wp\/v2\/users\/1"}],"replies":[{"embeddable":true,"href":"https:\/\/humboldt-grundschule-erfurt.de\/index.php\/wp-json\/wp\/v2\/comments?post=167"}],"version-history":[{"count":3,"href":"https:\/\/humboldt-grundschule-erfurt.de\/index.php\/wp-json\/wp\/v2\/pages\/167\/revisions"}],"predecessor-version":[{"id":279,"href":"https:\/\/humboldt-grundschule-erfurt.de\/index.php\/wp-json\/wp\/v2\/pages\/167\/revisions\/279"}],"wp:attachment":[{"href":"https:\/\/humboldt-grundschule-erfurt.de\/index.php\/wp-json\/wp\/v2\/media?parent=167"}],"curies":[{"name":"wp","href":"https:\/\/api.w.org\/{rel}","templated":true}]}}