{"id":205,"date":"2023-06-18T07:26:43","date_gmt":"2023-06-18T07:26:43","guid":{"rendered":"https:\/\/humboldt-grundschule-erfurt.de\/?page_id=205"},"modified":"2024-11-13T12:34:05","modified_gmt":"2024-11-13T12:34:05","slug":"haeufig-gestellte-fragen","status":"publish","type":"page","link":"https:\/\/humboldt-grundschule-erfurt.de\/index.php\/haeufig-gestellte-fragen\/","title":{"rendered":"F\u00fcr Eltern"},"content":{"rendered":"\n<h2 class=\"wp-block-heading\"><mark style=\"background-color:rgba(0, 0, 0, 0);color:#86b347\" class=\"has-inline-color\">Krankmeldung<\/mark><\/h2>\n\n\n\n<p>Informieren Sie die Schule telefonisch bis 8.00 Uhr, wenn Ihr Kind erkrankt ist. Sie k\u00f6nnen auch gerne eine Nachricht auf dem Anrufbeantworter hinterlassen. Eine Krankmeldung per Mail k\u00f6nnen wir leider nicht akzeptieren. Sollten Sie Ihr Kind nicht telefonisch abgemeldet haben, gilt Ihr Kind f\u00fcr uns als unentschuldigt fehlend, selbst bei anschlie\u00dfend vorgelegter Entschuldigung. <\/p>\n\n\n\n<p>Bitte denken Sie auch gegebenenfalls an die Essensabmeldung. Bei R\u00fcckkehr sollte Ihr Kind eine schriftliche Entschuldigung \u00fcber die Zeit und den Grund des Fehlens abgeben. Bis zu zehn Tagen k\u00f6nnen Sie als Eltern Ihr Kind mit einem triftigen Grund entschuldigen. Den P\u00e4dagogen bleibt das Recht vorbehalten ein \u00e4rztliches Attest einzufordern. Die Verantwortung f\u00fcr das Nachholen der Unterrichtsvers\u00e4umnisse, liegt beim Sch\u00fcler.<\/p>\n\n\n\n<p><em>(gem\u00e4\u00df Th\u00fcringer Schulordnung, Zweiter Teil, Erster Abschnitt, \u00a75 und \u00a7105)<\/em><\/p>\n\n\n\n<div style=\"height:65px\" aria-hidden=\"true\" class=\"wp-block-spacer\"><\/div>\n\n\n\n<h2 class=\"wp-block-heading\"><mark style=\"background-color:rgba(0, 0, 0, 0);color:#86b347\" class=\"has-inline-color\">Arzttermine<\/mark><\/h2>\n\n\n\n<p>Bitte legen Sie Termine in die unterrichtsfreie Zeit.<\/p>\n\n\n\n<div style=\"height:65px\" aria-hidden=\"true\" class=\"wp-block-spacer\"><\/div>\n\n\n\n<h2 class=\"wp-block-heading\"><mark style=\"background-color:rgba(0, 0, 0, 0);color:#86b347\" class=\"has-inline-color\">Belehrung zum Infektionsschutz<\/mark><\/h2>\n\n\n\n<p>Hier finden Sie alle wichtigen Informationen zum Infektionsschutz und zu meldepflichtigen Krankheiten.<\/p>\n\n\n\n<div data-wp-interactive=\"core\/file\" class=\"wp-block-file\"><object data-wp-bind--hidden=\"!state.hasPdfPreview\" hidden class=\"wp-block-file__embed\" data=\"https:\/\/humboldt-grundschule-erfurt.de\/wp-content\/uploads\/2024\/08\/Belehrung-fuer-Eltern-GEMEINSAM-VOR-INFEKTIONEN-SCHUeTZEN.pdf\" type=\"application\/pdf\" style=\"width:100%;height:600px\" aria-label=\"Einbettung von Belehrung f\u00fcr Eltern GEMEINSAM VOR INFEKTIONEN SCH\u00dcTZEN.\"><\/object><a id=\"wp-block-file--media-b1711aed-8f71-469d-bb57-8f3d025cf9af\" href=\"https:\/\/humboldt-grundschule-erfurt.de\/wp-content\/uploads\/2024\/08\/Belehrung-fuer-Eltern-GEMEINSAM-VOR-INFEKTIONEN-SCHUeTZEN.pdf\">Belehrung f\u00fcr Eltern GEMEINSAM VOR INFEKTIONEN SCH\u00dcTZEN<\/a><a href=\"https:\/\/humboldt-grundschule-erfurt.de\/wp-content\/uploads\/2024\/08\/Belehrung-fuer-Eltern-GEMEINSAM-VOR-INFEKTIONEN-SCHUeTZEN.pdf\" class=\"wp-block-file__button wp-element-button\" download aria-describedby=\"wp-block-file--media-b1711aed-8f71-469d-bb57-8f3d025cf9af\">Herunterladen<\/a><\/div>\n\n\n\n<div style=\"height:65px\" aria-hidden=\"true\" class=\"wp-block-spacer\"><\/div>\n\n\n\n<h2 class=\"wp-block-heading\"><mark style=\"background-color:rgba(0, 0, 0, 0);color:#86b347\" class=\"has-inline-color\">Beurlaubung vom Unterricht<\/mark><\/h2>\n\n\n\n<p><span style=\"text-decoration: underline;\"><strong>\u00a7<\/strong>7 Th\u00fcringer Schulordnung<\/span><\/p>\n\n\n\n<p>(1) Sch\u00fcler k\u00f6nnen in <strong>dringenden Ausnahmef\u00e4llen<\/strong> auf schriftlichen Antrag der Eltern beurlaubt werden. <\/p>\n\n\n\n<p>Beachten Sie: <strong>Urlaubsfahrten w\u00e4hrend der Schulzeit sind keine dringenden Ausnahmef\u00e4lle!<\/strong><\/p>\n\n\n\n<p>In Ausnahmef\u00e4llen kann auf religi\u00f6se Bed\u00fcrfnisse R\u00fccksicht genommen werden.<\/p>\n\n\n\n<div data-wp-interactive=\"core\/file\" class=\"wp-block-file\"><object data-wp-bind--hidden=\"!state.hasPdfPreview\" hidden class=\"wp-block-file__embed\" data=\"https:\/\/humboldt-grundschule-erfurt.de\/wp-content\/uploads\/2024\/04\/Antrag-auf-Beurlaubung-vom-Unterricht.pdf\" type=\"application\/pdf\" style=\"width:100%;height:600px\" aria-label=\"Einbettung von Antrag-auf-Beurlaubung-vom-Unterricht.\"><\/object><a id=\"wp-block-file--media-3e698cd2-3858-43f2-a34a-167423476ebc\" href=\"https:\/\/humboldt-grundschule-erfurt.de\/wp-content\/uploads\/2024\/04\/Antrag-auf-Beurlaubung-vom-Unterricht.pdf\">Antrag-auf-Beurlaubung-vom-Unterricht<\/a><a href=\"https:\/\/humboldt-grundschule-erfurt.de\/wp-content\/uploads\/2024\/04\/Antrag-auf-Beurlaubung-vom-Unterricht.pdf\" class=\"wp-block-file__button wp-element-button\" download aria-describedby=\"wp-block-file--media-3e698cd2-3858-43f2-a34a-167423476ebc\">Herunterladen<\/a><\/div>\n\n\n\n<div style=\"height:65px\" aria-hidden=\"true\" class=\"wp-block-spacer\"><\/div>\n\n\n\n<h2 class=\"wp-block-heading\"><mark style=\"background-color:rgba(0, 0, 0, 0);color:#86b347\" class=\"has-inline-color\">Kopfl\u00e4use<\/mark><\/h2>\n\n\n\n<p>Im folgenden Dokument finden Sie alle Informationen zum Umgang mit Kopfl\u00e4usen.<\/p>\n\n\n\n<div data-wp-interactive=\"core\/file\" class=\"wp-block-file\"><object data-wp-bind--hidden=\"!state.hasPdfPreview\" hidden class=\"wp-block-file__embed\" data=\"https:\/\/humboldt-grundschule-erfurt.de\/wp-content\/uploads\/2024\/08\/Information-Kopflaeuse.pdf\" type=\"application\/pdf\" style=\"width:100%;height:600px\" aria-label=\"Einbettung von Information Kopfl\u00e4use.\"><\/object><a id=\"wp-block-file--media-85b9cfdd-69dd-4272-987d-5c3fb4c07289\" href=\"https:\/\/humboldt-grundschule-erfurt.de\/wp-content\/uploads\/2024\/08\/Information-Kopflaeuse.pdf\">Information Kopfl\u00e4use<\/a><a href=\"https:\/\/humboldt-grundschule-erfurt.de\/wp-content\/uploads\/2024\/08\/Information-Kopflaeuse.pdf\" class=\"wp-block-file__button wp-element-button\" download aria-describedby=\"wp-block-file--media-85b9cfdd-69dd-4272-987d-5c3fb4c07289\">Herunterladen<\/a><\/div>\n\n\n\n<div style=\"height:65px\" aria-hidden=\"true\" class=\"wp-block-spacer\"><\/div>\n\n\n\n<h2 class=\"wp-block-heading\"><mark style=\"background-color:rgba(0, 0, 0, 0);color:#86b347\" class=\"has-inline-color\">Smartwatches<\/mark><\/h2>\n\n\n\n<p>Das Tragen von Kinderuhren mit integriertem Handy (Smartwatches) in der Schule ist <strong>verboten<\/strong>.<\/p>\n\n\n\n<div data-wp-interactive=\"core\/file\" class=\"wp-block-file\"><object data-wp-bind--hidden=\"!state.hasPdfPreview\" hidden class=\"wp-block-file__embed\" data=\"https:\/\/humboldt-grundschule-erfurt.de\/wp-content\/uploads\/2024\/08\/Pressemitteilung-Smartwatches.pdf\" type=\"application\/pdf\" style=\"width:100%;height:600px\" aria-label=\"Einbettung von Pressemitteilung Smartwatches.\"><\/object><a id=\"wp-block-file--media-553181b9-a9ee-4b44-8d3b-2df3aca27040\" href=\"https:\/\/humboldt-grundschule-erfurt.de\/wp-content\/uploads\/2024\/08\/Pressemitteilung-Smartwatches.pdf\">Pressemitteilung Smartwatches<\/a><a href=\"https:\/\/humboldt-grundschule-erfurt.de\/wp-content\/uploads\/2024\/08\/Pressemitteilung-Smartwatches.pdf\" class=\"wp-block-file__button wp-element-button\" download aria-describedby=\"wp-block-file--media-553181b9-a9ee-4b44-8d3b-2df3aca27040\">Herunterladen<\/a><\/div>\n\n\n\n<div style=\"height:100px\" aria-hidden=\"true\" class=\"wp-block-spacer\"><\/div>\n\n\n\n<h2 class=\"wp-block-heading\"><mark style=\"background-color:rgba(0, 0, 0, 0);color:#86b347\" class=\"has-inline-color\">Zusp\u00e4tkommen<\/mark><\/h2>\n\n\n\n<p>Wir bitten Sie darum, dass Ihr Kind p\u00fcnktlich 7.45 Uhr in der Schule ist, um sich angemessen auf den Unterricht vorbereiten zu k\u00f6nnen. Sollte Ihr Kind nicht p\u00fcnktlich zum Unterricht erscheinen k\u00f6nnen, bitten wir Sie um eine telefonische Ank\u00fcndigung des Zusp\u00e4tkommen. Sollte diese nicht erfolgt sein, gilt dies als unentschuldigtes Fehlen.<\/p>\n","protected":false},"excerpt":{"rendered":"<p>Krankmeldung Informieren Sie die Schule telefonisch bis 8.00 Uhr, wenn Ihr Kind erkrankt ist. Sie k\u00f6nnen auch gerne eine Nachricht &hellip; <\/p>\n","protected":false},"author":1,"featured_media":0,"parent":0,"menu_order":0,"comment_status":"closed","ping_status":"closed","template":"","meta":{"footnotes":""},"class_list":["post-205","page","type-page","status-publish","hentry"],"_links":{"self":[{"href":"https:\/\/humboldt-grundschule-erfurt.de\/index.php\/wp-json\/wp\/v2\/pages\/205","targetHints":{"allow":["GET"]}}],"collection":[{"href":"https:\/\/humboldt-grundschule-erfurt.de\/index.php\/wp-json\/wp\/v2\/pages"}],"about":[{"href":"https:\/\/humboldt-grundschule-erfurt.de\/index.php\/wp-json\/wp\/v2\/types\/page"}],"author":[{"embeddable":true,"href":"https:\/\/humboldt-grundschule-erfurt.de\/index.php\/wp-json\/wp\/v2\/users\/1"}],"replies":[{"embeddable":true,"href":"https:\/\/humboldt-grundschule-erfurt.de\/index.php\/wp-json\/wp\/v2\/comments?post=205"}],"version-history":[{"count":10,"href":"https:\/\/humboldt-grundschule-erfurt.de\/index.php\/wp-json\/wp\/v2\/pages\/205\/revisions"}],"predecessor-version":[{"id":819,"href":"https:\/\/humboldt-grundschule-erfurt.de\/index.php\/wp-json\/wp\/v2\/pages\/205\/revisions\/819"}],"wp:attachment":[{"href":"https:\/\/humboldt-grundschule-erfurt.de\/index.php\/wp-json\/wp\/v2\/media?parent=205"}],"curies":[{"name":"wp","href":"https:\/\/api.w.org\/{rel}","templated":true}]}}