{"id":241,"date":"2023-08-01T09:25:01","date_gmt":"2023-08-01T09:25:01","guid":{"rendered":"https:\/\/humboldt-grundschule-erfurt.de\/?page_id=241"},"modified":"2023-08-15T15:48:37","modified_gmt":"2023-08-15T15:48:37","slug":"datenschutz","status":"publish","type":"page","link":"https:\/\/humboldt-grundschule-erfurt.de\/index.php\/datenschutz\/","title":{"rendered":"Datenschutz"},"content":{"rendered":"\n<p> <\/p>\n\n\n\n<p><strong>Datenschutzerkl\u00e4rung<\/strong><\/p>\n\n\n\n<p>1. Verantwortlicher und Datenschutzbeauftragter<\/p>\n\n\n\n<p>1.1 Verantwortlicher<\/p>\n\n\n\n<p>Verantwortliche gem. Art. 4 Abs. 7 EU-Datenschutz-Grundverordnung (DS-GVO) ist Michelle K\u00f6pke, Humboldt-Grundschule Erfurt (Staatl. Grundschule 9), Juri-Gagarin-Ring 126, 99084 Erfurt, humboldtgrundschule@erfurt.de<\/p>\n\n\n\n<p>1.2 Datenschutzbeauftragter<\/p>\n\n\n\n<p>Beauftragter f\u00fcr den Datenschutz im Staatlichen Schulamt Mittelth\u00fcringen<br>Schwanseestr. 9\/11<br>99423 Weimar<br>Tel: 03643\/ 884 173<br>E-Mail:&nbsp;<a href=\"mailto:datenschutz.mittelthueringen@schulamt.thueringen.de\">datenschutz.mittelthueringen@schulamt.thueringen.de<\/a><\/p>\n\n\n\n<p>2. Information \u00fcber die Erhebung personenbezogener Daten, Speicherdauer<\/p>\n\n\n\n<p>2.1 Im Folgenden informieren wir \u00fcber die Erhebung personenbezogener Daten bei Nutzung unserer Website. Personenbezogene Daten sind alle Daten, die auf Sie pers\u00f6nlich beziehbar sind, z. B. Name, Adresse, E-Mail-Adressen, Nutzerverhalten.<\/p>\n\n\n\n<p>2.2 Bei Ihrer Kontaktaufnahme mit uns per E-Mail oder \u00fcber ein Kontaktformular werden die von Ihnen mitgeteilten Daten (Ihre E-Mail-Adresse, ggf. Ihr Name und Ihre Telefonnummer) von uns gespeichert, um Ihre Fragen zu beantworten. Die in diesem Zusammenhang anfallenden Daten l\u00f6schen wir, nachdem die Speicherung nicht mehr erforderlich ist, oder schr\u00e4nken die Verarbeitung ein, falls gesetzliche Aufbewahrungspflichten bestehen.<\/p>\n\n\n\n<p>2.3 Falls wir f\u00fcr einzelne Funktionen unseres Angebots auf beauftragte Dienstleister zur\u00fcckgreifen oder Ihre Daten f\u00fcr werbliche Zwecke nutzen m\u00f6chten, werden wir Sie untenstehend im Detail \u00fcber die jeweiligen Vorg\u00e4nge informieren. Dabei nennen wir auch die festgelegten Kriterien der Speicherdauer.<\/p>\n\n\n\n<p>3. Ihre Rechte<\/p>\n\n\n\n<p>3.1 Sie haben gegen\u00fcber uns folgende Rechte hinsichtlich der Sie betreffenden personenbezogenen Daten:<br>\u2022 Recht auf Auskunft,<br>\u2022 Recht auf Berichtigung oder L\u00f6schung,<br>\u2022 Recht auf Einschr\u00e4nkung der Verarbeitung,<br>\u2022 Recht auf Widerspruch gegen die Verarbeitung,<br>\u2022 Recht auf Daten\u00fcbertragbarkeit.<\/p>\n\n\n\n<p>3.2 Sie haben zudem das Recht, sich bei einer Datenschutz-Aufsichtsbeh\u00f6rde \u00fcber die Verarbeitung Ihrer personenbezogenen Daten durch uns zu beschweren. Die Datenschutzaufsichtsbeh\u00f6rde ist der Th\u00fcringer Landesbeauftragte f\u00fcr den Datenschutz und die Informationsfreiheit (TLfDI), H\u00e4\u00dflerstrasse 8, 99096 Erfurt.<\/p>\n\n\n\n<p>3.4 Werden personenbezogene Daten an ein Drittland oder an eine internationale Organisation \u00fcbermittelt, so haben Sie das Recht, \u00fcber die geeigneten Garantien gem\u00e4\u00df Art. 46 EU-DSGVO im Zusammenhang mit der \u00dcbermittlung unterrichtet zu werden.<\/p>\n\n\n\n<p>4. Erhebung und Zweck personenbezogener Daten bei Besuch unserer Website<\/p>\n\n\n\n<p>4.1 Bei der blo\u00df informatorischen Nutzung der Website, also, wenn Sie sich nicht registrieren oder uns anderweitig Informationen \u00fcbermitteln, erheben wir nur die personenbezogenen Daten, die Ihr Browser an unseren Server \u00fcbermittelt. Wenn Sie unsere Website betrachten m\u00f6chten, erheben wir die folgenden Daten, die f\u00fcr uns technisch erforderlich sind, um Ihnen unsere Website anzuzeigen und die Stabilit\u00e4t und Sicherheit zu gew\u00e4hrleisten (Rechtsgrundlage ist Art. 6 Abs. 1 S. 1 lit. f EU-DSGVO):<br>\u2022 IP-Adresse<br>\u2022 Datum und Uhrzeit der Anfrage<br>\u2022 Zeitzonendifferenz zur Greenwich Mean Time (GMT)<br>\u2022 Inhalt der Anforderung (konkrete Seite)<br>\u2022 Zugriffsstatus\/HTTP-Statuscode<br>\u2022 jeweils \u00fcbertragene Datenmenge<br>\u2022 Website, von der die Anforderung kommt<br>\u2022 Browser<br>\u2022 Betriebssystem und dessen Oberfl\u00e4che<br>\u2022 Sprache und Version der Browsersoftware.<\/p>\n\n\n\n<p>4.2 Zus\u00e4tzlich zu den zuvor genannten Daten werden bei Ihrer Nutzung unserer Website Cookies auf Ihrem Rechner gespeichert. Bei Cookies handelt es sich um kleine Textdateien, die auf Ihrer Festplatte dem von Ihnen verwendeten Browser zugeordnet gespeichert werden und durch welche der Stelle, die den Cookies setzt (hier durch uns), bestimmte Informationen zuflie\u00dfen. Cookies k\u00f6nnen keine Programme ausf\u00fchren oder Viren auf Ihren Computer \u00fcbertragen. Sie dienen dazu, das Internetangebot insgesamt nutzerfreundlicher und effektiver zu machen.<\/p>\n\n\n\n<p>4.3 Einsatz von Cookies:<\/p>\n\n\n\n<p>a) Diese Website nutzt folgende Arten von Cookies, deren Umfang und Funktionsweise im Folgenden erl\u00e4utert werden:<br>\u2022 Transiente Cookies (dazu b)<br>\u2022 Persistente Cookies (dazu c).<\/p>\n\n\n\n<p>b) Transiente Cookies werden automatisiert gel\u00f6scht, wenn Sie den Browser schlie\u00dfen. Dazu z\u00e4hlen insbesondere die Session-Cookies. Diese speichern eine sogenannte Session-ID, mit welcher sich verschiedene Anfragen Ihres Browsers der gemeinsamen Sitzung zuordnen lassen. Dadurch kann Ihr Rechner wiedererkannt werden, wenn Sie auf unsere Website zur\u00fcckkehren. Die Session-Cookies werden gel\u00f6scht, wenn Sie sich ausloggen oder den Browser schlie\u00dfen.<\/p>\n\n\n\n<p>c) Persistente Cookies werden automatisiert nach einer vorgegebenen Dauer gel\u00f6scht, die sich je nach Cookie unterscheiden kann. Sie k\u00f6nnen die Cookies in den Sicherheitseinstellungen Ihres Browsers jederzeit l\u00f6schen.<\/p>\n\n\n\n<p>d) Sie k\u00f6nnen Ihre Browser-Einstellung entsprechend Ihren W\u00fcnschen konfigurieren und z. B. die Annahme von Third-Party-Cookies oder allen Cookies ablehnen. Wir weisen Sie darauf hin, dass Sie eventuell nicht alle Funktionen dieser Website nutzen k\u00f6nnen.<\/p>\n\n\n\n<p>e) Wir setzen Cookies ein, um den Login im Administrationsbereich zu realisieren.<\/p>\n","protected":false},"excerpt":{"rendered":"<p>Datenschutzerkl\u00e4rung 1. Verantwortlicher und Datenschutzbeauftragter 1.1 Verantwortlicher Verantwortliche gem. Art. 4 Abs. 7 EU-Datenschutz-Grundverordnung (DS-GVO) ist Michelle K\u00f6pke, Humboldt-Grundschule Erfurt &hellip; <\/p>\n","protected":false},"author":1,"featured_media":0,"parent":0,"menu_order":0,"comment_status":"closed","ping_status":"closed","template":"","meta":{"footnotes":""},"class_list":["post-241","page","type-page","status-publish","hentry"],"_links":{"self":[{"href":"https:\/\/humboldt-grundschule-erfurt.de\/index.php\/wp-json\/wp\/v2\/pages\/241","targetHints":{"allow":["GET"]}}],"collection":[{"href":"https:\/\/humboldt-grundschule-erfurt.de\/index.php\/wp-json\/wp\/v2\/pages"}],"about":[{"href":"https:\/\/humboldt-grundschule-erfurt.de\/index.php\/wp-json\/wp\/v2\/types\/page"}],"author":[{"embeddable":true,"href":"https:\/\/humboldt-grundschule-erfurt.de\/index.php\/wp-json\/wp\/v2\/users\/1"}],"replies":[{"embeddable":true,"href":"https:\/\/humboldt-grundschule-erfurt.de\/index.php\/wp-json\/wp\/v2\/comments?post=241"}],"version-history":[{"count":2,"href":"https:\/\/humboldt-grundschule-erfurt.de\/index.php\/wp-json\/wp\/v2\/pages\/241\/revisions"}],"predecessor-version":[{"id":457,"href":"https:\/\/humboldt-grundschule-erfurt.de\/index.php\/wp-json\/wp\/v2\/pages\/241\/revisions\/457"}],"wp:attachment":[{"href":"https:\/\/humboldt-grundschule-erfurt.de\/index.php\/wp-json\/wp\/v2\/media?parent=241"}],"curies":[{"name":"wp","href":"https:\/\/api.w.org\/{rel}","templated":true}]}}