{"id":28,"date":"2023-04-01T11:56:56","date_gmt":"2023-04-01T11:56:56","guid":{"rendered":"https:\/\/humboldt-grundschule-erfurt.de\/?page_id=28"},"modified":"2023-12-18T16:17:52","modified_gmt":"2023-12-18T16:17:52","slug":"essensanbieter","status":"publish","type":"page","link":"https:\/\/humboldt-grundschule-erfurt.de\/index.php\/essensanbieter\/","title":{"rendered":"Essensanbieter"},"content":{"rendered":"\n<p>An der Humboldt-Grundschule Erfurt hat Ihr Kind die M\u00f6glichkeit an der Schulspeisung teilzunehmen. Der daf\u00fcr zust\u00e4ndige Anbieter ist Men\u00fc Mobil. Ihr Kind hat die Auswahl zwischen zwei verschiedenen Speisen. Beilagen und Salate werden in Buffet-Form angeboten. Auch vegetarische Gerichte werden angeboten. Um Ihr Kind anzumelden, klicken sie bitte <a href=\"https:\/\/menuemobil-kids.net\/de\/content\/\" data-type=\"URL\" data-id=\"https:\/\/menuemobil-kids.net\/de\/content\/\">hier<\/a>.<\/p>\n\n\n\n<p>Die Essenszeiten sind t\u00e4glich von 11.15 bis 14.00 Uhr. Hauskinder k\u00f6nnen in der Zeit von 11.50 bis 12.10 Uhr das Mittagessen einnehmen. F\u00fcr die Essensbestellung, An- und Abmeldung sind Sie, sehr geehrte Eltern, selbst verantwortlich.<\/p>\n\n\n\n<div style=\"height:70px\" aria-hidden=\"true\" class=\"wp-block-spacer\"><\/div>\n\n\n\n<p><strong>Preiserh\u00f6hung ab 01.01.2024<\/strong><\/p>\n\n\n\n<p>Ab Januar 2024 tritt eine \u00c4nderung in Kraft, sodass die Mehrwertsteuer wieder auf 19 % ansteigt. Aus diesem Grund ist der Essensanbieter <em>Men\u00fc Mobil \u201eIhre regionale Frische\u201c GmbH<\/em> gezwungen, die Kostensteigerung weiterzugeben. Es gelten ab 01.01.2024 folgende Preise:<\/p>\n\n\n\n<ul class=\"wp-block-list\">\n<li>Mittagessen 3,98 \u20ac<\/li>\n<\/ul>\n\n\n\n<ul class=\"wp-block-list\">\n<li>Sonderessen Grundschule (Gluten- und Laktoseintoleranz) 3,98 \u20ac<\/li>\n<\/ul>\n\n\n\n<div style=\"height:70px\" aria-hidden=\"true\" class=\"wp-block-spacer\"><\/div>\n\n\n\n<h2 class=\"wp-block-heading\">Kontakt<\/h2>\n\n\n\n<p><a href=\"https:\/\/menuemobil-kids.net\/de\/content\/\">https:\/\/menuemobil-kids.net\/de\/content\/<\/a><\/p>\n","protected":false},"excerpt":{"rendered":"<p>An der Humboldt-Grundschule Erfurt hat Ihr Kind die M\u00f6glichkeit an der Schulspeisung teilzunehmen. Der daf\u00fcr zust\u00e4ndige Anbieter ist Men\u00fc Mobil. &hellip; <\/p>\n","protected":false},"author":1,"featured_media":0,"parent":0,"menu_order":0,"comment_status":"closed","ping_status":"closed","template":"","meta":{"footnotes":""},"class_list":["post-28","page","type-page","status-publish","hentry"],"_links":{"self":[{"href":"https:\/\/humboldt-grundschule-erfurt.de\/index.php\/wp-json\/wp\/v2\/pages\/28","targetHints":{"allow":["GET"]}}],"collection":[{"href":"https:\/\/humboldt-grundschule-erfurt.de\/index.php\/wp-json\/wp\/v2\/pages"}],"about":[{"href":"https:\/\/humboldt-grundschule-erfurt.de\/index.php\/wp-json\/wp\/v2\/types\/page"}],"author":[{"embeddable":true,"href":"https:\/\/humboldt-grundschule-erfurt.de\/index.php\/wp-json\/wp\/v2\/users\/1"}],"replies":[{"embeddable":true,"href":"https:\/\/humboldt-grundschule-erfurt.de\/index.php\/wp-json\/wp\/v2\/comments?post=28"}],"version-history":[{"count":9,"href":"https:\/\/humboldt-grundschule-erfurt.de\/index.php\/wp-json\/wp\/v2\/pages\/28\/revisions"}],"predecessor-version":[{"id":602,"href":"https:\/\/humboldt-grundschule-erfurt.de\/index.php\/wp-json\/wp\/v2\/pages\/28\/revisions\/602"}],"wp:attachment":[{"href":"https:\/\/humboldt-grundschule-erfurt.de\/index.php\/wp-json\/wp\/v2\/media?parent=28"}],"curies":[{"name":"wp","href":"https:\/\/api.w.org\/{rel}","templated":true}]}}