{"id":296,"date":"2023-08-01T10:33:03","date_gmt":"2023-08-01T10:33:03","guid":{"rendered":"https:\/\/humboldt-grundschule-erfurt.de\/?page_id=296"},"modified":"2025-09-25T11:50:52","modified_gmt":"2025-09-25T11:50:52","slug":"wasser","status":"publish","type":"page","link":"https:\/\/humboldt-grundschule-erfurt.de\/index.php\/wasser\/","title":{"rendered":"Lernhaus Wasser"},"content":{"rendered":"\n<div class=\"wp-block-columns is-layout-flex wp-container-core-columns-is-layout-9d6595d7 wp-block-columns-is-layout-flex\">\n<div class=\"wp-block-column is-layout-flow wp-block-column-is-layout-flow\">\n<h2 class=\"wp-block-heading has-text-align-center has-white-color has-text-color has-background\" style=\"background-color:#124c7861\">STG 3<\/h2>\n\n\n\n<p><\/p>\n\n\n\n<p class=\"has-text-align-center\">In den Kursen 1 und 2 begleitet dich im Lernhaus Wasser <strong>Frau Heckert<\/strong> beim Lesen, Schreiben und Rechnen lernen. <\/p>\n<\/div>\n\n\n\n<div class=\"wp-block-column is-layout-flow wp-block-column-is-layout-flow\">\n<h2 class=\"wp-block-heading has-text-align-center has-white-color has-text-color has-background\" style=\"background-color:#124c78d1\">STG 7<\/h2>\n\n\n\n<p><\/p>\n\n\n\n<p class=\"has-text-align-center\">In den Kursen 3 und 4 begleitet dich <strong>Herr Schulze<\/strong> auf deinem weiteren Lern- und Lebensweg im Lernhaus Wasser.<\/p>\n<\/div>\n\n\n\n<div class=\"wp-block-column is-layout-flow wp-block-column-is-layout-flow\">\n<h2 class=\"wp-block-heading has-text-align-center has-white-color has-cyan-bluish-gray-background-color has-text-color has-background\">Lernhaus<\/h2>\n\n\n\n<p><\/p>\n\n\n\n<p>Au\u00dferdem begleitet dich <strong>Frau Martin<\/strong> im Unterricht. Am Nachmittag begleiten dich unsere tollen Erzieher*innen.<\/p>\n<\/div>\n<\/div>\n\n\n\n<p class=\"has-medium-font-size\">Besonders viel Freude haben die Wasserkinder beim gemeinsamen Lernen im Lernhaus. Jede Woche \u00fcben wir das Lesen in einer gemeinsamen Lesezeit. Klein und Gro\u00df stehen sich hier freundschaftlich zu Seite und unterst\u00fctzen sich beim Lesen lernen und Lesen \u00fcben. \u00dcber das Schuljahr verteilt machen wir uns immer wieder auf den Weg zu gemeinsamen Ausfl\u00fcgen. Auch in den regelm\u00e4\u00dfigen Projektwochen treffen wir uns immer wieder, tauschen uns aus und lernen mit- und voneinander. <\/p>\n\n\n\n<div style=\"height:59px\" aria-hidden=\"true\" class=\"wp-block-spacer\"><\/div>\n\n\n\n<figure class=\"wp-block-image size-large\"><img loading=\"lazy\" decoding=\"async\" width=\"1024\" height=\"576\" src=\"https:\/\/humboldt-grundschule-erfurt.de\/wp-content\/uploads\/2023\/08\/Wasser-ist-1024x576.png\" alt=\"\" class=\"wp-image-305\" srcset=\"https:\/\/humboldt-grundschule-erfurt.de\/wp-content\/uploads\/2023\/08\/Wasser-ist-1024x576.png 1024w, https:\/\/humboldt-grundschule-erfurt.de\/wp-content\/uploads\/2023\/08\/Wasser-ist-300x169.png 300w, https:\/\/humboldt-grundschule-erfurt.de\/wp-content\/uploads\/2023\/08\/Wasser-ist-768x432.png 768w, https:\/\/humboldt-grundschule-erfurt.de\/wp-content\/uploads\/2023\/08\/Wasser-ist-1536x864.png 1536w, https:\/\/humboldt-grundschule-erfurt.de\/wp-content\/uploads\/2023\/08\/Wasser-ist-2048x1152.png 2048w\" sizes=\"auto, (max-width: 1024px) 100vw, 1024px\" \/><\/figure>\n\n\n\n<figure class=\"wp-block-audio\"><audio controls src=\"https:\/\/humboldt-grundschule-erfurt.de\/wp-content\/uploads\/2023\/08\/Lernhauslied-Wasser.mp3\"><\/audio><\/figure>\n\n\n\n<div style=\"height:59px\" aria-hidden=\"true\" class=\"wp-block-spacer\"><\/div>\n\n\n\n<h2 class=\"wp-block-heading\">Wasserkanon<\/h2>\n\n\n\n<p>Wolken voll von Schnee und Wasser<\/p>\n\n\n\n<p>fallen auf die Erde nieder<\/p>\n\n\n\n<p>sprudeln in Fl\u00fcssen, flie\u00dfen in B\u00e4chen<\/p>\n\n\n\n<p>gleiten hin in See und Meer<\/p>\n\n\n\n<p>glitzern in der Stille <\/p>\n\n\n\n<p>oder schaukeln in die Meere<\/p>\n\n\n\n<p>Sonnenschein gibt Licht und W\u00e4rme<\/p>\n\n\n\n<p>Wasser steigt auf zum Himmel und bildet &#8230;<\/p>\n","protected":false},"excerpt":{"rendered":"<p>STG 3 In den Kursen 1 und 2 begleitet dich im Lernhaus Wasser Frau Heckert beim Lesen, Schreiben und Rechnen &hellip; <\/p>\n","protected":false},"author":1,"featured_media":0,"parent":0,"menu_order":0,"comment_status":"closed","ping_status":"closed","template":"","meta":{"footnotes":""},"class_list":["post-296","page","type-page","status-publish","hentry"],"_links":{"self":[{"href":"https:\/\/humboldt-grundschule-erfurt.de\/index.php\/wp-json\/wp\/v2\/pages\/296","targetHints":{"allow":["GET"]}}],"collection":[{"href":"https:\/\/humboldt-grundschule-erfurt.de\/index.php\/wp-json\/wp\/v2\/pages"}],"about":[{"href":"https:\/\/humboldt-grundschule-erfurt.de\/index.php\/wp-json\/wp\/v2\/types\/page"}],"author":[{"embeddable":true,"href":"https:\/\/humboldt-grundschule-erfurt.de\/index.php\/wp-json\/wp\/v2\/users\/1"}],"replies":[{"embeddable":true,"href":"https:\/\/humboldt-grundschule-erfurt.de\/index.php\/wp-json\/wp\/v2\/comments?post=296"}],"version-history":[{"count":19,"href":"https:\/\/humboldt-grundschule-erfurt.de\/index.php\/wp-json\/wp\/v2\/pages\/296\/revisions"}],"predecessor-version":[{"id":975,"href":"https:\/\/humboldt-grundschule-erfurt.de\/index.php\/wp-json\/wp\/v2\/pages\/296\/revisions\/975"}],"wp:attachment":[{"href":"https:\/\/humboldt-grundschule-erfurt.de\/index.php\/wp-json\/wp\/v2\/media?parent=296"}],"curies":[{"name":"wp","href":"https:\/\/api.w.org\/{rel}","templated":true}]}}