{"id":300,"date":"2023-08-01T10:33:20","date_gmt":"2023-08-01T10:33:20","guid":{"rendered":"https:\/\/humboldt-grundschule-erfurt.de\/?page_id=300"},"modified":"2025-09-25T11:54:22","modified_gmt":"2025-09-25T11:54:22","slug":"luft","status":"publish","type":"page","link":"https:\/\/humboldt-grundschule-erfurt.de\/index.php\/luft\/","title":{"rendered":"Lernhaus Luft"},"content":{"rendered":"\n<div class=\"wp-block-columns is-layout-flex wp-container-core-columns-is-layout-9d6595d7 wp-block-columns-is-layout-flex\">\n<div class=\"wp-block-column is-layout-flow wp-block-column-is-layout-flow\">\n<h2 class=\"wp-block-heading has-text-align-center has-black-color has-text-color has-background\" style=\"background-color:#124c7826\">STG 4<\/h2>\n\n\n\n<p><\/p>\n\n\n\n<p class=\"has-text-align-center\">In den Kursen 1 und 2 begleitet dich im Lernhaus Luft <strong>Frau Hintzsche<\/strong> beim Lesen, Schreiben und Rechnen lernen. <\/p>\n<\/div>\n\n\n\n<div class=\"wp-block-column is-layout-flow wp-block-column-is-layout-flow\">\n<h2 class=\"wp-block-heading has-text-align-center has-black-color has-text-color has-background\" style=\"background-color:#b6cfdf\">STG 8<\/h2>\n\n\n\n<p><\/p>\n\n\n\n<p class=\"has-text-align-center\">In den Kursen 3 und 4 begleitet dich <strong>Frau Marx <\/strong>auf deinem weiteren Lern- und Lebensweg im Lernhaus Luft.<\/p>\n<\/div>\n\n\n\n<div class=\"wp-block-column is-layout-flow wp-block-column-is-layout-flow\">\n<h2 class=\"wp-block-heading has-text-align-center has-white-color has-cyan-bluish-gray-background-color has-text-color has-background\">Lernhaus<\/h2>\n\n\n\n<p><\/p>\n\n\n\n<p>Au\u00dferdem begleiten dich <strong>Frau Damm<\/strong> und <strong>Frau Martin<\/strong> im Unterricht. Am Nachmittag begleiten dich unsere tollen Erzieher*innen.<\/p>\n<\/div>\n<\/div>\n\n\n\n<p>Im Lernhaus Luft leben, arbeiten und spielen die Stammgruppen 4 und 8. Es befindet sich in der obersten Etage der Humboldtgrundschule. Hier lernen in den R\u00e4umen 22 und 23 viele tolle Luftkinder. Unterst\u00fctzt und begleitet werden sie von 6 P\u00e4dagogInnen: 2 LehrerInnen, 2 ErzieherInnen und 2 Lernhausp\u00e4dagogInnen. Unsere R\u00e4ume sind durch eine T\u00fcr verbunden, sodass schon am Morgen ein reger Austausch herrscht. Nach dem Unterricht haben die Kinder die M\u00f6glichkeit, gemeinsam zu spielen oder sich zur\u00fcckzuziehen und eine Pause zu machen.\u00a0<\/p>\n\n\n\n<p>Fluffi (eine Fledermaus) und Dieter (eine dicke Wolke) begleiten uns durch den Schulalltag. Am Wochenende d\u00fcrfen sie von einem ausgew\u00e4hlten Kind nach Hause mitgenommen werden, um dort spannende Abenteuer zu erleben. Montags im Morgenkreis berichten alle Kinder von ihrem Wochenenden. Uns ist es wichtig, dass jedes Kind spricht und lernt einander zuzuh\u00f6ren.&nbsp;<\/p>\n\n\n\n<p>Zudem treffen wir uns jede Woche im beliebten Lesetandem. Hier \u00fcben die Kinder gemeinsam im Zweierteam das Lesen. Die Kleinen trainieren die Laute und Buchstaben, sp\u00e4ter Silben, W\u00f6rter und S\u00e4tze. Die Gro\u00dfen \u00fcben betont, fl\u00fcssig und in angemessener Lautst\u00e4rke zu lesen. Bei der Reflexion verteilen wir Lob, Kritik und W\u00fcnsche.&nbsp;<\/p>\n\n\n\n<p>Ein weiterer wichtiger Bestandteil unserer p\u00e4dagogischen Arbeit sind die Lernhauswochen. Diese finden vor l\u00e4ngeren Ferien jahreszeitlich bezogen statt. Im Lernhaus Luft arbeiten wir dann jahrgangs\u00fcbergreifend von Kurs 1 bis 4. Wir erstellen in Gruppenarbeiten Klanggeschichten, pr\u00e4sentieren Gedichte oder \u00fcben kleine Rollenspiele ein. Gemeinsame Wandertage erg\u00e4nzen das Leben und Lernen im Lernhaus.&nbsp;<\/p>\n\n\n\n<p>Musik, Singen und die Bewegung ist ein wichtiger Bestandteil unserer Lernhausarbeit. Sie bietet in ritualisierter, wiederkehrender Weise Struktur und Halt im Schulalltag.<\/p>\n\n\n\n<figure class=\"wp-block-audio\"><audio controls src=\"https:\/\/humboldt-grundschule-erfurt.de\/wp-content\/uploads\/2023\/08\/Lernhauslied-Luft.mp3\"><\/audio><\/figure>\n","protected":false},"excerpt":{"rendered":"<p>STG 4 In den Kursen 1 und 2 begleitet dich im Lernhaus Luft Frau Hintzsche beim Lesen, Schreiben und Rechnen &hellip; <\/p>\n","protected":false},"author":1,"featured_media":0,"parent":0,"menu_order":0,"comment_status":"closed","ping_status":"closed","template":"","meta":{"footnotes":""},"class_list":["post-300","page","type-page","status-publish","hentry"],"_links":{"self":[{"href":"https:\/\/humboldt-grundschule-erfurt.de\/index.php\/wp-json\/wp\/v2\/pages\/300","targetHints":{"allow":["GET"]}}],"collection":[{"href":"https:\/\/humboldt-grundschule-erfurt.de\/index.php\/wp-json\/wp\/v2\/pages"}],"about":[{"href":"https:\/\/humboldt-grundschule-erfurt.de\/index.php\/wp-json\/wp\/v2\/types\/page"}],"author":[{"embeddable":true,"href":"https:\/\/humboldt-grundschule-erfurt.de\/index.php\/wp-json\/wp\/v2\/users\/1"}],"replies":[{"embeddable":true,"href":"https:\/\/humboldt-grundschule-erfurt.de\/index.php\/wp-json\/wp\/v2\/comments?post=300"}],"version-history":[{"count":11,"href":"https:\/\/humboldt-grundschule-erfurt.de\/index.php\/wp-json\/wp\/v2\/pages\/300\/revisions"}],"predecessor-version":[{"id":978,"href":"https:\/\/humboldt-grundschule-erfurt.de\/index.php\/wp-json\/wp\/v2\/pages\/300\/revisions\/978"}],"wp:attachment":[{"href":"https:\/\/humboldt-grundschule-erfurt.de\/index.php\/wp-json\/wp\/v2\/media?parent=300"}],"curies":[{"name":"wp","href":"https:\/\/api.w.org\/{rel}","templated":true}]}}