{"id":344,"date":"2023-08-01T11:45:36","date_gmt":"2023-08-01T11:45:36","guid":{"rendered":"https:\/\/humboldt-grundschule-erfurt.de\/?page_id=344"},"modified":"2024-03-14T18:20:27","modified_gmt":"2024-03-14T18:20:27","slug":"beratungslehrerin","status":"publish","type":"page","link":"https:\/\/humboldt-grundschule-erfurt.de\/index.php\/beratungslehrerin\/","title":{"rendered":"Beratungslehrerin"},"content":{"rendered":"\n<p>Mein Name ist <strong>Jeannine Marx<\/strong> und ich m\u00f6chte meine Arbeit als Beratungslehrerin an der Humboldtgrundschule kurz vorstellen. Man kann die T\u00e4tigkeiten in 4 Bereiche zusammenfassen:<\/p>\n\n\n\n<div class=\"wp-block-columns is-layout-flex wp-container-core-columns-is-layout-9d6595d7 wp-block-columns-is-layout-flex\">\n<div class=\"wp-block-column is-layout-flow wp-block-column-is-layout-flow\">\n<h3 class=\"wp-block-heading has-text-align-center has-black-color has-text-color has-background\" style=\"background-color:#ff6a006b\">1. Zusammenarbeit mit Beratungseinrichungen<\/h3>\n\n\n\n<p><\/p>\n\n\n\n<p class=\"has-text-align-center\">Netzwerke erstellen und pflegen zu Kinderg\u00e4rten, Schulsozialarbeit, Jugendamt, Schulamt, Schulpsychologie etc.<\/p>\n<\/div>\n\n\n\n<div class=\"wp-block-column is-layout-flow wp-block-column-is-layout-flow\">\n<h3 class=\"wp-block-heading has-text-align-center has-black-color has-text-color has-background\" style=\"background-color:#85d1006e\">2. p\u00e4dagogisch-psychologische Einzelfallhilfe        <\/h3>\n\n\n\n<h3 class=\"wp-block-heading has-text-align-center\">   <\/h3>\n\n\n\n<p class=\"has-text-align-center\">Beratung von Eltern<\/p>\n<\/div>\n<\/div>\n\n\n\n<div class=\"wp-block-columns is-layout-flex wp-container-core-columns-is-layout-9d6595d7 wp-block-columns-is-layout-flex\">\n<div class=\"wp-block-column is-layout-flow wp-block-column-is-layout-flow\">\n<h3 class=\"wp-block-heading has-text-align-center has-black-color has-text-color has-background\" style=\"background-color:#8dd2fc96\">3. Systemberatung<\/h3>\n\n\n\n<p><\/p>\n\n\n\n<p class=\"has-text-align-center\">Gespr\u00e4chsmoderation, Beratung der Kolleg*innen<\/p>\n<\/div>\n\n\n\n<div class=\"wp-block-column is-layout-flow wp-block-column-is-layout-flow\">\n<h3 class=\"wp-block-heading has-text-align-center has-black-color has-text-color has-background\" style=\"background-color:#fcb90070\">4. Schullaufbahnberatung<\/h3>\n\n\n\n<p><\/p>\n\n\n\n<p class=\"has-text-align-center\">\u00dcberg\u00e4nge Kita- Schule- weiterf\u00fchrende Schule<\/p>\n<\/div>\n<\/div>\n\n\n\n<p><\/p>\n\n\n\n<p>In allen Bereichen stehe ich Ihnen zu meiner Beratungszeit, nach vorheriger Anmeldung, gern zur Verf\u00fcgung. Melden Sie sich gern per Mail (beratung@humboldt-grundschule-erfurt.de) und wir finden gemeinsam eine L\u00f6sung.<\/p>\n","protected":false},"excerpt":{"rendered":"<p>Mein Name ist Jeannine Marx und ich m\u00f6chte meine Arbeit als Beratungslehrerin an der Humboldtgrundschule kurz vorstellen. Man kann die &hellip; <\/p>\n","protected":false},"author":1,"featured_media":0,"parent":0,"menu_order":0,"comment_status":"closed","ping_status":"closed","template":"","meta":{"footnotes":""},"class_list":["post-344","page","type-page","status-publish","hentry"],"_links":{"self":[{"href":"https:\/\/humboldt-grundschule-erfurt.de\/index.php\/wp-json\/wp\/v2\/pages\/344","targetHints":{"allow":["GET"]}}],"collection":[{"href":"https:\/\/humboldt-grundschule-erfurt.de\/index.php\/wp-json\/wp\/v2\/pages"}],"about":[{"href":"https:\/\/humboldt-grundschule-erfurt.de\/index.php\/wp-json\/wp\/v2\/types\/page"}],"author":[{"embeddable":true,"href":"https:\/\/humboldt-grundschule-erfurt.de\/index.php\/wp-json\/wp\/v2\/users\/1"}],"replies":[{"embeddable":true,"href":"https:\/\/humboldt-grundschule-erfurt.de\/index.php\/wp-json\/wp\/v2\/comments?post=344"}],"version-history":[{"count":3,"href":"https:\/\/humboldt-grundschule-erfurt.de\/index.php\/wp-json\/wp\/v2\/pages\/344\/revisions"}],"predecessor-version":[{"id":657,"href":"https:\/\/humboldt-grundschule-erfurt.de\/index.php\/wp-json\/wp\/v2\/pages\/344\/revisions\/657"}],"wp:attachment":[{"href":"https:\/\/humboldt-grundschule-erfurt.de\/index.php\/wp-json\/wp\/v2\/media?parent=344"}],"curies":[{"name":"wp","href":"https:\/\/api.w.org\/{rel}","templated":true}]}}