{"id":740,"date":"2024-07-31T15:27:15","date_gmt":"2024-07-31T15:27:15","guid":{"rendered":"https:\/\/humboldt-grundschule-erfurt.de\/?page_id=740"},"modified":"2024-11-15T13:12:09","modified_gmt":"2024-11-15T13:12:09","slug":"elterncafe","status":"publish","type":"page","link":"https:\/\/humboldt-grundschule-erfurt.de\/index.php\/elterncafe\/","title":{"rendered":"Elterncaf\u00e9"},"content":{"rendered":"\n<h2 class=\"wp-block-heading\">Elterncaf\u00e9 am 21.08.2024 um 17.00 Uhr<\/h2>\n\n\n\n<p>Liebe Eltern, zur Einstimmung auf den Elternabend am Mittwoch, den 21.08.2024 laden wir Sie gerne ab 17.00 Uhr zum &#8222;Elterncaf\u00e9&#8220; auf dem Hof ein.<\/p>\n\n\n\n<h2 class=\"wp-block-heading\">Elterncaf\u00e9 am 01.08. und 08.08.2024 um 11.30 Uhr<\/h2>\n\n\n\n<p>Liebe Eltern, der Schulanfang ist ein gro\u00dfes Abenteuer. Die ersten Tage sind besonders spannend. Die Lehrer und Lehrerinnen versuchen sich ganz Ihren Kindern zu widmen, die zun\u00e4chst f\u00fcr 4 Stunden die Schule besuchen.\u00a0Damit genug Zeit f\u00fcr Ihre Fragen bleibt, m\u00f6chten wir Sie am 01.08. und am 08.08. gern zu einem &#8222;Elterncaf\u00e9&#8220; auf dem Hof einladen. Kommen Sie doch einfach schon 11.30 Uhr und freuen Sie sich mit uns auf die heiteren Gesichter Ihrer Kinder, wenn sie aus der Schule kommen.<\/p>\n\n\n\n<figure class=\"wp-block-image size-large\"><img loading=\"lazy\" decoding=\"async\" width=\"660\" height=\"1024\" src=\"https:\/\/humboldt-grundschule-erfurt.de\/wp-content\/uploads\/2024\/07\/Elterncafe-GS-9-660x1024.png\" alt=\"\" class=\"wp-image-741\" srcset=\"https:\/\/humboldt-grundschule-erfurt.de\/wp-content\/uploads\/2024\/07\/Elterncafe-GS-9-660x1024.png 660w, https:\/\/humboldt-grundschule-erfurt.de\/wp-content\/uploads\/2024\/07\/Elterncafe-GS-9-193x300.png 193w, https:\/\/humboldt-grundschule-erfurt.de\/wp-content\/uploads\/2024\/07\/Elterncafe-GS-9-768x1192.png 768w, https:\/\/humboldt-grundschule-erfurt.de\/wp-content\/uploads\/2024\/07\/Elterncafe-GS-9.png 986w\" sizes=\"auto, (max-width: 660px) 100vw, 660px\" \/><\/figure>\n","protected":false},"excerpt":{"rendered":"<p>Elterncaf\u00e9 am 21.08.2024 um 17.00 Uhr Liebe Eltern, zur Einstimmung auf den Elternabend am Mittwoch, den 21.08.2024 laden wir Sie &hellip; <\/p>\n","protected":false},"author":1,"featured_media":0,"parent":0,"menu_order":0,"comment_status":"closed","ping_status":"closed","template":"","meta":{"footnotes":""},"class_list":["post-740","page","type-page","status-publish","hentry"],"_links":{"self":[{"href":"https:\/\/humboldt-grundschule-erfurt.de\/index.php\/wp-json\/wp\/v2\/pages\/740","targetHints":{"allow":["GET"]}}],"collection":[{"href":"https:\/\/humboldt-grundschule-erfurt.de\/index.php\/wp-json\/wp\/v2\/pages"}],"about":[{"href":"https:\/\/humboldt-grundschule-erfurt.de\/index.php\/wp-json\/wp\/v2\/types\/page"}],"author":[{"embeddable":true,"href":"https:\/\/humboldt-grundschule-erfurt.de\/index.php\/wp-json\/wp\/v2\/users\/1"}],"replies":[{"embeddable":true,"href":"https:\/\/humboldt-grundschule-erfurt.de\/index.php\/wp-json\/wp\/v2\/comments?post=740"}],"version-history":[{"count":2,"href":"https:\/\/humboldt-grundschule-erfurt.de\/index.php\/wp-json\/wp\/v2\/pages\/740\/revisions"}],"predecessor-version":[{"id":778,"href":"https:\/\/humboldt-grundschule-erfurt.de\/index.php\/wp-json\/wp\/v2\/pages\/740\/revisions\/778"}],"wp:attachment":[{"href":"https:\/\/humboldt-grundschule-erfurt.de\/index.php\/wp-json\/wp\/v2\/media?parent=740"}],"curies":[{"name":"wp","href":"https:\/\/api.w.org\/{rel}","templated":true}]}}